{"id":5321,"date":"2023-09-28T11:01:27","date_gmt":"2023-09-28T09:01:27","guid":{"rendered":"https:\/\/www.sangiuseppecarpi.it\/?page_id=5321"},"modified":"2026-03-31T17:57:41","modified_gmt":"2026-03-31T15:57:41","slug":"contatto","status":"publish","type":"page","link":"https:\/\/www.sangiuseppecarpi.it\/index.php\/contatto\/","title":{"rendered":"Contatti"},"content":{"rendered":"\n<div class=\"wp-block-columns is-layout-flex wp-container-core-columns-is-layout-28f84493 wp-block-columns-is-layout-flex\">\n<div class=\"wp-block-column is-layout-flow wp-block-column-is-layout-flow\">\n<h4 class=\"wp-block-heading\"><strong>Parrocchia di San Giuseppe Artigiano<\/strong><\/h4>\n\n\n\n<p>Via Remesina interna, 56<\/p>\n\n\n\n<p>41012 Carpi&nbsp;<\/p>\n\n\n\n<p><label>Telefono: <\/label><a href=\"tel:00390599111625\">+39 059 9111625<\/a><\/p>\n\n\n\n<p>Email: <a href=\"mailto:segreteria.sangiuseppeartigiano@gmail.com\">segreteria.sangiuseppeartigiano@gmail.com<\/a><\/p>\n<\/div>\n\n\n\n<div class=\"wp-block-column is-layout-flow wp-block-column-is-layout-flow\">\n<iframe src=\"https:\/\/www.google.com\/maps\/embed?pb=!1m14!1m12!1m3!1d755.3799550993774!2d10.879923741829076!3d44.7926889945244!2m3!1f0!2f0!3f0!3m2!1i1024!2i768!4f13.1!5e0!3m2!1sit!2sit!4v1696066360599!5m2!1sit!2sit\" width=\"100%\" height=\"450\" style=\"border:0;\" allowfullscreen=\"\" loading=\"lazy\" referrerpolicy=\"no-referrer-when-downgrade\"><\/iframe>\n<\/div>\n<\/div>\n\n\n\n<h4 class=\"wp-block-heading\"><strong>ORARI SETTIMANALI DELLA SEGRETERIA PARROCCHIALE<\/strong><\/h4>\n\n\n\n<figure class=\"wp-block-table\"><table class=\"has-fixed-layout\"><thead><tr><th>GIORNI<\/th><th>CONTATTO<\/th><th>MATTINA<\/th><th>CONTATTO<\/th><th>POMERIGGIO<\/th><\/tr><\/thead><tbody><tr><td><strong>LUNED\u00cd<\/strong><\/td><td>DANIELA<\/td><td>dalle 10:00<br>alle 12:00<\/td><td>GIULIANA<\/td><td>dalle 17:00<br>alle 19:00<\/td><\/tr><tr><td><strong>MARTED\u00cd&nbsp;<\/strong><\/td><td>PAOLO<br>RINO<\/td><td>dalle 10:00<br>alle 12:00<\/td><td><\/td><td><\/td><\/tr><tr><td><strong>MERCOLED\u00cd&nbsp;<\/strong><\/td><td>DANIELA<\/td><td>dalle 10:00<br>alle 12:00<\/td><td>SUORE<\/td><td>dalle 17:00<br>alle 19:00<\/td><\/tr><tr><td><strong>GIOVED\u00cd&nbsp;<\/strong><\/td><td>DANIELA<\/td><td>dalle 10:00<br>alle 12:00<\/td><td>GIULIANA<\/td><td>dalle 17:00<br>alle 19:00<\/td><\/tr><tr><td><strong>VENERD\u00cd&nbsp;<\/strong> <\/td><td>PAOLO<br>RINO<\/td><td>dalle 10:00<br>alle 12:00<\/td><td>FABIO<\/td><td>dalle 17:00<br>alle 19:00<\/td><\/tr><\/tbody><\/table><\/figure>\n\n\n\n<div class=\"wp-block-contact-form-7-contact-form-selector\">\n<div class=\"wpcf7 no-js\" id=\"wpcf7-f9908-o1\" lang=\"it-IT\" dir=\"ltr\" data-wpcf7-id=\"9908\">\n<div class=\"screen-reader-response\"><p role=\"status\" aria-live=\"polite\" aria-atomic=\"true\"><\/p> <ul><\/ul><\/div>\n<form action=\"\/index.php\/wp-json\/wp\/v2\/pages\/5321#wpcf7-f9908-o1\" method=\"post\" class=\"wpcf7-form init\" aria-label=\"Modulo di contatto\" novalidate=\"novalidate\" data-status=\"init\">\n<fieldset class=\"hidden-fields-container\"><input type=\"hidden\" name=\"_wpcf7\" value=\"9908\" \/><input type=\"hidden\" name=\"_wpcf7_version\" value=\"6.1.5\" \/><input type=\"hidden\" name=\"_wpcf7_locale\" value=\"it_IT\" \/><input type=\"hidden\" name=\"_wpcf7_unit_tag\" value=\"wpcf7-f9908-o1\" \/><input type=\"hidden\" name=\"_wpcf7_container_post\" value=\"0\" \/><input type=\"hidden\" name=\"_wpcf7_posted_data_hash\" value=\"\" \/>\n<\/fieldset>\n<p><label> Nome*<br \/>\n<span class=\"wpcf7-form-control-wrap\" data-name=\"your-name\"><input size=\"40\" maxlength=\"400\" class=\"wpcf7-form-control wpcf7-text wpcf7-validates-as-required\" aria-required=\"true\" aria-invalid=\"false\" value=\"\" type=\"text\" name=\"your-name\" \/><\/span> <\/label>\n<\/p>\n<p><label> Cognome*<br \/>\n<span class=\"wpcf7-form-control-wrap\" data-name=\"your-surname\"><input size=\"40\" maxlength=\"400\" class=\"wpcf7-form-control wpcf7-text wpcf7-validates-as-required\" aria-required=\"true\" aria-invalid=\"false\" value=\"\" type=\"text\" name=\"your-surname\" \/><\/span> <\/label>\n<\/p>\n<p><label> Email*<br \/>\n<span class=\"wpcf7-form-control-wrap\" data-name=\"your-email\"><input size=\"40\" maxlength=\"400\" class=\"wpcf7-form-control wpcf7-email wpcf7-validates-as-required wpcf7-text wpcf7-validates-as-email\" aria-required=\"true\" aria-invalid=\"false\" value=\"\" type=\"email\" name=\"your-email\" \/><\/span> <\/label>\n<\/p>\n<p><label> Oggetto*<br \/>\n<span class=\"wpcf7-form-control-wrap\" data-name=\"your-subject\"><input size=\"40\" maxlength=\"400\" class=\"wpcf7-form-control wpcf7-text wpcf7-validates-as-required\" aria-required=\"true\" aria-invalid=\"false\" value=\"\" type=\"text\" name=\"your-subject\" \/><\/span> <\/label>\n<\/p>\n<p><label> Il tuo messaggio*<br \/>\n<span class=\"wpcf7-form-control-wrap\" data-name=\"your-message\"><textarea cols=\"40\" rows=\"10\" maxlength=\"2000\" class=\"wpcf7-form-control wpcf7-textarea wpcf7-validates-as-required\" aria-required=\"true\" aria-invalid=\"false\" name=\"your-message\"><\/textarea><\/span> <\/label>\n<\/p>\n<p><span class=\"wpcf7-form-control-wrap\" data-name=\"checkbox-726\"><span class=\"wpcf7-form-control wpcf7-checkbox\"><span class=\"wpcf7-list-item first\"><label><input type=\"checkbox\" name=\"checkbox-726[]\" value=\"Certificato di Battesimo\" \/><span class=\"wpcf7-list-item-label\">Certificato di Battesimo<\/span><\/label><\/span><span class=\"wpcf7-list-item\"><label><input type=\"checkbox\" name=\"checkbox-726[]\" value=\"Certificato di Cresima\" \/><span class=\"wpcf7-list-item-label\">Certificato di Cresima<\/span><\/label><\/span><span class=\"wpcf7-list-item last\"><label><input type=\"checkbox\" name=\"checkbox-726[]\" value=\"Certificato di Matrimonio\" \/><span class=\"wpcf7-list-item-label\">Certificato di Matrimonio<\/span><\/label><\/span><\/span><\/span>\n<\/p>\n<p><strong>Accordo GDPR:<\/strong> do il consenso per l'utilizzo dei miei dati personali.\n<\/p>\n<p><label> Per accettazione*<br \/>\n<span class=\"wpcf7-form-control-wrap\" data-name=\"acceptance-893\"><span class=\"wpcf7-form-control wpcf7-acceptance\"><span class=\"wpcf7-list-item\"><input type=\"checkbox\" name=\"acceptance-893\" value=\"1\" aria-invalid=\"false\" \/><\/span><\/span><\/span> <\/label><br \/>\n<a href=https:\/\/www.sangiuseppecarpi.it\/index.php\/politica-sui-cookie\/ target=\"_blank\">Informativa sulla Privacy & Cookie<\/a>\n<\/p>\n<p><input class=\"wpcf7-form-control wpcf7-submit has-spinner\" type=\"submit\" value=\"Invia\" \/>\n<\/p><div class=\"wpcf7-response-output\" aria-hidden=\"true\"><\/div>\n<\/form>\n<\/div>\n<\/div>\n\n\n\n<p><\/p>\n","protected":false},"excerpt":{"rendered":"<p>Parrocchia di San Giuseppe Artigiano Via Remesina interna, 56 41012 Carpi&nbsp; Telefono: +39 059 9111625 Email: segreteria.sangiuseppeartigiano@gmail.com ORARI SETTIMANALI DELLA SEGRETERIA PARROCCHIALE GIORNI CONTATTO MATTINA CONTATTO POMERIGGIO LUNED\u00cd DANIELA dalle 10:00alle 12:00 GIULIANA dalle 17:00alle 19:00 MARTED\u00cd&nbsp; PAOLORINO dalle 10:00alle 12:00 MERCOLED\u00cd&nbsp; DANIELA dalle 10:00alle 12:00 SUORE dalle 17:00alle 19:00 GIOVED\u00cd&nbsp; DANIELA dalle 10:00alle 12:00 [&hellip;]<\/p>\n","protected":false},"author":1,"featured_media":0,"parent":0,"menu_order":0,"comment_status":"closed","ping_status":"closed","template":"","meta":{"site-sidebar-layout":"default","site-content-layout":"","ast-site-content-layout":"default","site-content-style":"default","site-sidebar-style":"default","ast-global-header-display":"","ast-banner-title-visibility":"","ast-main-header-display":"","ast-hfb-above-header-display":"","ast-hfb-below-header-display":"","ast-hfb-mobile-header-display":"","site-post-title":"","ast-breadcrumbs-content":"","ast-featured-img":"","footer-sml-layout":"","ast-disable-related-posts":"","theme-transparent-header-meta":"","adv-header-id-meta":"","stick-header-meta":"","header-above-stick-meta":"","header-main-stick-meta":"","header-below-stick-meta":"","astra-migrate-meta-layouts":"set","ast-page-background-enabled":"default","ast-page-background-meta":{"desktop":{"background-color":"var(--ast-global-color-4)","background-image":"","background-repeat":"repeat","background-position":"center center","background-size":"auto","background-attachment":"scroll","background-type":"","background-media":"","overlay-type":"","overlay-color":"","overlay-opacity":"","overlay-gradient":""},"tablet":{"background-color":"","background-image":"","background-repeat":"repeat","background-position":"center center","background-size":"auto","background-attachment":"scroll","background-type":"","background-media":"","overlay-type":"","overlay-color":"","overlay-opacity":"","overlay-gradient":""},"mobile":{"background-color":"","background-image":"","background-repeat":"repeat","background-position":"center center","background-size":"auto","background-attachment":"scroll","background-type":"","background-media":"","overlay-type":"","overlay-color":"","overlay-opacity":"","overlay-gradient":""}},"ast-content-background-meta":{"desktop":{"background-color":"var(--ast-global-color-5)","background-image":"","background-repeat":"repeat","background-position":"center center","background-size":"auto","background-attachment":"scroll","background-type":"","background-media":"","overlay-type":"","overlay-color":"","overlay-opacity":"","overlay-gradient":""},"tablet":{"background-color":"var(--ast-global-color-5)","background-image":"","background-repeat":"repeat","background-position":"center center","background-size":"auto","background-attachment":"scroll","background-type":"","background-media":"","overlay-type":"","overlay-color":"","overlay-opacity":"","overlay-gradient":""},"mobile":{"background-color":"var(--ast-global-color-5)","background-image":"","background-repeat":"repeat","background-position":"center center","background-size":"auto","background-attachment":"scroll","background-type":"","background-media":"","overlay-type":"","overlay-color":"","overlay-opacity":"","overlay-gradient":""}},"footnotes":""},"class_list":["post-5321","page","type-page","status-publish","hentry"],"yoast_head":"<!-- This site is optimized with the Yoast SEO plugin v27.4 - https:\/\/yoast.com\/product\/yoast-seo-wordpress\/ -->\n<title>Contatti - Parrocchia San Giuseppe Carpi<\/title>\n<meta name=\"description\" content=\"Contatti e orari della segreteria della parrocchia di San Giuseppe Artigiano\" \/>\n<meta name=\"robots\" content=\"index, follow, max-snippet:-1, max-image-preview:large, max-video-preview:-1\" \/>\n<link rel=\"canonical\" href=\"https:\/\/www.sangiuseppecarpi.it\/index.php\/contatto\/\" \/>\n<meta property=\"og:locale\" content=\"it_IT\" \/>\n<meta property=\"og:type\" content=\"article\" \/>\n<meta property=\"og:title\" content=\"Contatti - Parrocchia San Giuseppe Carpi\" \/>\n<meta property=\"og:description\" content=\"Contatti e orari della segreteria della parrocchia di San Giuseppe Artigiano\" \/>\n<meta property=\"og:url\" content=\"https:\/\/www.sangiuseppecarpi.it\/index.php\/contatto\/\" \/>\n<meta property=\"og:site_name\" content=\"Parrocchia San Giuseppe Carpi\" \/>\n<meta property=\"article:modified_time\" content=\"2026-03-31T15:57:41+00:00\" \/>\n<meta name=\"twitter:card\" content=\"summary_large_image\" \/>\n<meta name=\"twitter:label1\" content=\"Tempo di lettura stimato\" \/>\n\t<meta name=\"twitter:data1\" content=\"1 minuto\" \/>\n<script type=\"application\/ld+json\" class=\"yoast-schema-graph\">{\"@context\":\"https:\\\/\\\/schema.org\",\"@graph\":[{\"@type\":\"WebPage\",\"@id\":\"https:\\\/\\\/www.sangiuseppecarpi.it\\\/index.php\\\/contatto\\\/\",\"url\":\"https:\\\/\\\/www.sangiuseppecarpi.it\\\/index.php\\\/contatto\\\/\",\"name\":\"Contatti - Parrocchia San Giuseppe Carpi\",\"isPartOf\":{\"@id\":\"https:\\\/\\\/www.sangiuseppecarpi.it\\\/#website\"},\"datePublished\":\"2023-09-28T09:01:27+00:00\",\"dateModified\":\"2026-03-31T15:57:41+00:00\",\"description\":\"Contatti e orari della segreteria della parrocchia di San Giuseppe Artigiano\",\"breadcrumb\":{\"@id\":\"https:\\\/\\\/www.sangiuseppecarpi.it\\\/index.php\\\/contatto\\\/#breadcrumb\"},\"inLanguage\":\"it-IT\",\"potentialAction\":[{\"@type\":\"ReadAction\",\"target\":[\"https:\\\/\\\/www.sangiuseppecarpi.it\\\/index.php\\\/contatto\\\/\"]}]},{\"@type\":\"BreadcrumbList\",\"@id\":\"https:\\\/\\\/www.sangiuseppecarpi.it\\\/index.php\\\/contatto\\\/#breadcrumb\",\"itemListElement\":[{\"@type\":\"ListItem\",\"position\":1,\"name\":\"Home\",\"item\":\"https:\\\/\\\/www.sangiuseppecarpi.it\\\/\"},{\"@type\":\"ListItem\",\"position\":2,\"name\":\"Contatti\"}]},{\"@type\":\"WebSite\",\"@id\":\"https:\\\/\\\/www.sangiuseppecarpi.it\\\/#website\",\"url\":\"https:\\\/\\\/www.sangiuseppecarpi.it\\\/\",\"name\":\"Parrocchia San Giuseppe Carpi\",\"description\":\"San Giuseppe artigiano simbolo della dignit\u00e0 del lavoro umano\",\"publisher\":{\"@id\":\"https:\\\/\\\/www.sangiuseppecarpi.it\\\/#organization\"},\"potentialAction\":[{\"@type\":\"SearchAction\",\"target\":{\"@type\":\"EntryPoint\",\"urlTemplate\":\"https:\\\/\\\/www.sangiuseppecarpi.it\\\/?s={search_term_string}\"},\"query-input\":{\"@type\":\"PropertyValueSpecification\",\"valueRequired\":true,\"valueName\":\"search_term_string\"}}],\"inLanguage\":\"it-IT\"},{\"@type\":\"Organization\",\"@id\":\"https:\\\/\\\/www.sangiuseppecarpi.it\\\/#organization\",\"name\":\"Parrocchia San Giuseppe Carpi\",\"url\":\"https:\\\/\\\/www.sangiuseppecarpi.it\\\/\",\"logo\":{\"@type\":\"ImageObject\",\"inLanguage\":\"it-IT\",\"@id\":\"https:\\\/\\\/www.sangiuseppecarpi.it\\\/#\\\/schema\\\/logo\\\/image\\\/\",\"url\":\"https:\\\/\\\/www.sangiuseppecarpi.it\\\/wp-content\\\/uploads\\\/2020\\\/10\\\/cropped-cropped-Logo-parrocchia-diadema-breve-1.jpg\",\"contentUrl\":\"https:\\\/\\\/www.sangiuseppecarpi.it\\\/wp-content\\\/uploads\\\/2020\\\/10\\\/cropped-cropped-Logo-parrocchia-diadema-breve-1.jpg\",\"width\":835,\"height\":320,\"caption\":\"Parrocchia San Giuseppe Carpi\"},\"image\":{\"@id\":\"https:\\\/\\\/www.sangiuseppecarpi.it\\\/#\\\/schema\\\/logo\\\/image\\\/\"}}]}<\/script>\n<!-- \/ Yoast SEO plugin. -->","yoast_head_json":{"title":"Contatti - Parrocchia San Giuseppe Carpi","description":"Contatti e orari della segreteria della parrocchia di San Giuseppe Artigiano","robots":{"index":"index","follow":"follow","max-snippet":"max-snippet:-1","max-image-preview":"max-image-preview:large","max-video-preview":"max-video-preview:-1"},"canonical":"https:\/\/www.sangiuseppecarpi.it\/index.php\/contatto\/","og_locale":"it_IT","og_type":"article","og_title":"Contatti - Parrocchia San Giuseppe Carpi","og_description":"Contatti e orari della segreteria della parrocchia di San Giuseppe Artigiano","og_url":"https:\/\/www.sangiuseppecarpi.it\/index.php\/contatto\/","og_site_name":"Parrocchia San Giuseppe Carpi","article_modified_time":"2026-03-31T15:57:41+00:00","twitter_card":"summary_large_image","twitter_misc":{"Tempo di lettura stimato":"1 minuto"},"schema":{"@context":"https:\/\/schema.org","@graph":[{"@type":"WebPage","@id":"https:\/\/www.sangiuseppecarpi.it\/index.php\/contatto\/","url":"https:\/\/www.sangiuseppecarpi.it\/index.php\/contatto\/","name":"Contatti - Parrocchia San Giuseppe Carpi","isPartOf":{"@id":"https:\/\/www.sangiuseppecarpi.it\/#website"},"datePublished":"2023-09-28T09:01:27+00:00","dateModified":"2026-03-31T15:57:41+00:00","description":"Contatti e orari della segreteria della parrocchia di San Giuseppe Artigiano","breadcrumb":{"@id":"https:\/\/www.sangiuseppecarpi.it\/index.php\/contatto\/#breadcrumb"},"inLanguage":"it-IT","potentialAction":[{"@type":"ReadAction","target":["https:\/\/www.sangiuseppecarpi.it\/index.php\/contatto\/"]}]},{"@type":"BreadcrumbList","@id":"https:\/\/www.sangiuseppecarpi.it\/index.php\/contatto\/#breadcrumb","itemListElement":[{"@type":"ListItem","position":1,"name":"Home","item":"https:\/\/www.sangiuseppecarpi.it\/"},{"@type":"ListItem","position":2,"name":"Contatti"}]},{"@type":"WebSite","@id":"https:\/\/www.sangiuseppecarpi.it\/#website","url":"https:\/\/www.sangiuseppecarpi.it\/","name":"Parrocchia San Giuseppe Carpi","description":"San Giuseppe artigiano simbolo della dignit\u00e0 del lavoro umano","publisher":{"@id":"https:\/\/www.sangiuseppecarpi.it\/#organization"},"potentialAction":[{"@type":"SearchAction","target":{"@type":"EntryPoint","urlTemplate":"https:\/\/www.sangiuseppecarpi.it\/?s={search_term_string}"},"query-input":{"@type":"PropertyValueSpecification","valueRequired":true,"valueName":"search_term_string"}}],"inLanguage":"it-IT"},{"@type":"Organization","@id":"https:\/\/www.sangiuseppecarpi.it\/#organization","name":"Parrocchia San Giuseppe Carpi","url":"https:\/\/www.sangiuseppecarpi.it\/","logo":{"@type":"ImageObject","inLanguage":"it-IT","@id":"https:\/\/www.sangiuseppecarpi.it\/#\/schema\/logo\/image\/","url":"https:\/\/www.sangiuseppecarpi.it\/wp-content\/uploads\/2020\/10\/cropped-cropped-Logo-parrocchia-diadema-breve-1.jpg","contentUrl":"https:\/\/www.sangiuseppecarpi.it\/wp-content\/uploads\/2020\/10\/cropped-cropped-Logo-parrocchia-diadema-breve-1.jpg","width":835,"height":320,"caption":"Parrocchia San Giuseppe Carpi"},"image":{"@id":"https:\/\/www.sangiuseppecarpi.it\/#\/schema\/logo\/image\/"}}]}},"_links":{"self":[{"href":"https:\/\/www.sangiuseppecarpi.it\/index.php\/wp-json\/wp\/v2\/pages\/5321","targetHints":{"allow":["GET"]}}],"collection":[{"href":"https:\/\/www.sangiuseppecarpi.it\/index.php\/wp-json\/wp\/v2\/pages"}],"about":[{"href":"https:\/\/www.sangiuseppecarpi.it\/index.php\/wp-json\/wp\/v2\/types\/page"}],"author":[{"embeddable":true,"href":"https:\/\/www.sangiuseppecarpi.it\/index.php\/wp-json\/wp\/v2\/users\/1"}],"replies":[{"embeddable":true,"href":"https:\/\/www.sangiuseppecarpi.it\/index.php\/wp-json\/wp\/v2\/comments?post=5321"}],"version-history":[{"count":37,"href":"https:\/\/www.sangiuseppecarpi.it\/index.php\/wp-json\/wp\/v2\/pages\/5321\/revisions"}],"predecessor-version":[{"id":9933,"href":"https:\/\/www.sangiuseppecarpi.it\/index.php\/wp-json\/wp\/v2\/pages\/5321\/revisions\/9933"}],"wp:attachment":[{"href":"https:\/\/www.sangiuseppecarpi.it\/index.php\/wp-json\/wp\/v2\/media?parent=5321"}],"curies":[{"name":"wp","href":"https:\/\/api.w.org\/{rel}","templated":true}]}}