{"id":1380,"date":"2021-11-23T15:39:36","date_gmt":"2021-11-23T14:39:36","guid":{"rendered":"http:\/\/www.sangiuseppecarpi.it\/index.php\/home\/"},"modified":"2026-05-10T17:58:49","modified_gmt":"2026-05-10T15:58:49","slug":"home","status":"publish","type":"page","link":"https:\/\/www.sangiuseppecarpi.it\/","title":{"rendered":"Home"},"content":{"rendered":"\t\t<div data-elementor-type=\"wp-page\" data-elementor-id=\"1380\" class=\"elementor elementor-1380\">\n\t\t\t\t\t\t<section class=\"elementor-section elementor-top-section elementor-element elementor-element-4a573307 elementor-section-boxed elementor-section-height-default elementor-section-height-default\" data-id=\"4a573307\" data-element_type=\"section\" data-e-type=\"section\">\n\t\t\t\t\t\t<div class=\"elementor-container elementor-column-gap-default\">\n\t\t\t\t\t<div class=\"elementor-column elementor-col-100 elementor-top-column elementor-element elementor-element-5bc2ba3\" data-id=\"5bc2ba3\" data-element_type=\"column\" data-e-type=\"column\">\n\t\t\t<div class=\"elementor-widget-wrap elementor-element-populated\">\n\t\t\t\t\t\t<div class=\"elementor-element elementor-element-5ceb23a8 elementor-widget elementor-widget-text-editor\" data-id=\"5ceb23a8\" data-element_type=\"widget\" data-e-type=\"widget\" data-widget_type=\"text-editor.default\">\n\t\t\t\t<div class=\"elementor-widget-container\">\n\t\t\t\t\t\t\t\t\t<p><img fetchpriority=\"high\" decoding=\"async\" src=\"https:\/\/www.sangiuseppecarpi.it\/wp-content\/uploads\/2023\/02\/1600-Intestaizione-Parrocchia-San-Giuseppe-gen-23.jpg\" sizes=\"(max-width: 1600px) 100vw, 1600px\" srcset=\"https:\/\/www.sangiuseppecarpi.it\/wp-content\/uploads\/2023\/02\/1600-Intestaizione-Parrocchia-San-Giuseppe-gen-23.jpg 1600w, https:\/\/www.sangiuseppecarpi.it\/wp-content\/uploads\/2023\/02\/1600-Intestaizione-Parrocchia-San-Giuseppe-gen-23-300x115.jpg 300w, https:\/\/www.sangiuseppecarpi.it\/wp-content\/uploads\/2023\/02\/1600-Intestaizione-Parrocchia-San-Giuseppe-gen-23-1024x394.jpg 1024w, https:\/\/www.sangiuseppecarpi.it\/wp-content\/uploads\/2023\/02\/1600-Intestaizione-Parrocchia-San-Giuseppe-gen-23-768x295.jpg 768w, https:\/\/www.sangiuseppecarpi.it\/wp-content\/uploads\/2023\/02\/1600-Intestaizione-Parrocchia-San-Giuseppe-gen-23-1536x590.jpg 1536w\" alt=\"\" width=\"1600\" height=\"615\" \/><\/p><h4 style=\"text-align: center;\"><strong>Notizie in evidenza<\/strong><\/h4><p><section class=\"latest-post-selection three-columns as-column has-radius has-shadow has-img-spacing content-space-between ver2\" id=\"lps-cc4927480268bca4e0d33494c97e78da\" style=\"\" role=\"list\"><article class=\"post-10168 post type-post status-publish format-standard has-post-thumbnail hentry category-news has-link\" data-lps-id=\"10168\" role=\"listitem\"><figure class=\"article__image\"><img loading=\"lazy\" decoding=\"async\" src=\"https:\/\/www.sangiuseppecarpi.it\/wp-content\/uploads\/2026\/05\/2026-05-09-Lasagne-in-festa-281x300.png\" class=\"lps-tile-main-image lps-custom-medium\" loading=\"lazy\" alt=\"17-05-2026 - Lasagne in festa\" width=\"281\" height=\"300\" srcset=\"https:\/\/www.sangiuseppecarpi.it\/wp-content\/uploads\/2026\/05\/2026-05-09-Lasagne-in-festa-281x300.png 281w, https:\/\/www.sangiuseppecarpi.it\/wp-content\/uploads\/2026\/05\/2026-05-09-Lasagne-in-festa-959x1024.png 959w, https:\/\/www.sangiuseppecarpi.it\/wp-content\/uploads\/2026\/05\/2026-05-09-Lasagne-in-festa-768x820.png 768w, https:\/\/www.sangiuseppecarpi.it\/wp-content\/uploads\/2026\/05\/2026-05-09-Lasagne-in-festa.png 1043w\"><\/figure><div class=\"article__info\"><h6 class=\"article__title item-title-tag\">17-05-2026 &#8211; Lasagne in festa<\/h6><div class=\"article__text item-text\"><\/div><a href=\"https:\/\/www.sangiuseppecarpi.it\/index.php\/2026\/05\/09\/17-05-2026-lasagne-in-festa\/\" title=\"17-05-2026 - Lasagne in festa\" class=\"article__link article__read-more main-link read-more\">Leggi tutto \u279e<\/a><\/div><\/article><article class=\"post-10166 post type-post status-publish format-standard has-post-thumbnail hentry category-senza-categoria has-link\" data-lps-id=\"10166\" role=\"listitem\"><figure class=\"article__image\"><img loading=\"lazy\" decoding=\"async\" src=\"https:\/\/www.sangiuseppecarpi.it\/wp-content\/uploads\/2026\/05\/2026-05-09-Festa-Patrono-283x300.png\" class=\"lps-tile-main-image lps-custom-medium\" loading=\"lazy\" alt=\"17 maggio 2026 - Festa per il patrono -San Bernardino da Siena\" width=\"283\" height=\"300\" srcset=\"https:\/\/www.sangiuseppecarpi.it\/wp-content\/uploads\/2026\/05\/2026-05-09-Festa-Patrono-283x300.png 283w, https:\/\/www.sangiuseppecarpi.it\/wp-content\/uploads\/2026\/05\/2026-05-09-Festa-Patrono-967x1024.png 967w, https:\/\/www.sangiuseppecarpi.it\/wp-content\/uploads\/2026\/05\/2026-05-09-Festa-Patrono-768x813.png 768w, https:\/\/www.sangiuseppecarpi.it\/wp-content\/uploads\/2026\/05\/2026-05-09-Festa-Patrono.png 1014w\"><\/figure><div class=\"article__info\"><h6 class=\"article__title item-title-tag\">17 maggio 2026 &#8211; Festa per il patrono -San Bernardino da Siena<\/h6><div class=\"article__text item-text\"><\/div><a href=\"https:\/\/www.sangiuseppecarpi.it\/index.php\/2026\/05\/09\/17-maggio-2026-festa-per-il-patrono-san-bernardino-da-siena\/\" title=\"17 maggio 2026 - Festa per il patrono -San Bernardino da Siena\" class=\"article__link article__read-more main-link read-more\">Leggi tutto \u279e<\/a><\/div><\/article><article class=\"post-10164 post type-post status-publish format-standard has-post-thumbnail hentry category-news has-link\" data-lps-id=\"10164\" role=\"listitem\"><figure class=\"article__image\"><img loading=\"lazy\" decoding=\"async\" src=\"https:\/\/www.sangiuseppecarpi.it\/wp-content\/uploads\/2026\/05\/2026-05-09-lleconomia-oggi-297x300.png\" class=\"lps-tile-main-image lps-custom-medium\" loading=\"lazy\" alt=\"16 maggio 2026 - L&#039;economia civile oggi..\" width=\"297\" height=\"300\" srcset=\"https:\/\/www.sangiuseppecarpi.it\/wp-content\/uploads\/2026\/05\/2026-05-09-lleconomia-oggi-297x300.png 297w, https:\/\/www.sangiuseppecarpi.it\/wp-content\/uploads\/2026\/05\/2026-05-09-lleconomia-oggi-1015x1024.png 1015w, https:\/\/www.sangiuseppecarpi.it\/wp-content\/uploads\/2026\/05\/2026-05-09-lleconomia-oggi-768x775.png 768w, https:\/\/www.sangiuseppecarpi.it\/wp-content\/uploads\/2026\/05\/2026-05-09-lleconomia-oggi.png 1054w\"><\/figure><div class=\"article__info\"><h6 class=\"article__title item-title-tag\">16 maggio 2026 &#8211; L&#8217;economia civile oggi..<\/h6><div class=\"article__text item-text\"><\/div><a href=\"https:\/\/www.sangiuseppecarpi.it\/index.php\/2026\/05\/09\/16-maggio-2026-leconomia-civile-oggi\/\" title=\"16 maggio 2026 - L&#039;economia civile oggi..\" class=\"article__link article__read-more main-link read-more\">Leggi tutto \u279e<\/a><\/div><\/article><article class=\"post-10155 post type-post status-publish format-standard has-post-thumbnail hentry category-news has-link\" data-lps-id=\"10155\" role=\"listitem\"><figure class=\"article__image\"><img loading=\"lazy\" decoding=\"async\" src=\"https:\/\/www.sangiuseppecarpi.it\/wp-content\/uploads\/2026\/05\/2026-05-07-dona-la-spesa-300x251.png\" class=\"lps-tile-main-image lps-custom-medium\" loading=\"lazy\" alt=\"16-05-2026 - Dona la spesa..\" width=\"300\" height=\"251\" srcset=\"https:\/\/www.sangiuseppecarpi.it\/wp-content\/uploads\/2026\/05\/2026-05-07-dona-la-spesa-300x251.png 300w, https:\/\/www.sangiuseppecarpi.it\/wp-content\/uploads\/2026\/05\/2026-05-07-dona-la-spesa-768x644.png 768w, https:\/\/www.sangiuseppecarpi.it\/wp-content\/uploads\/2026\/05\/2026-05-07-dona-la-spesa.png 964w\"><\/figure><div class=\"article__info\"><h6 class=\"article__title item-title-tag\">16-05-2026 &#8211; Dona la spesa..<\/h6><div class=\"article__text item-text\"><\/div><a href=\"https:\/\/www.sangiuseppecarpi.it\/index.php\/2026\/05\/07\/16-05-2026-dona-la-spesa\/\" title=\"16-05-2026 - Dona la spesa..\" class=\"article__link article__read-more main-link read-more\">Leggi tutto \u279e<\/a><\/div><\/article><article class=\"post-10149 post type-post status-publish format-standard has-post-thumbnail hentry category-news has-link\" data-lps-id=\"10149\" role=\"listitem\"><figure class=\"article__image\"><img loading=\"lazy\" decoding=\"async\" src=\"https:\/\/www.sangiuseppecarpi.it\/wp-content\/uploads\/2026\/05\/il-gusto-del-riscatto-300x297.jpeg\" class=\"lps-tile-main-image lps-custom-medium\" loading=\"lazy\" alt=\"06 giugno 2026 \u2013 Il gusto del riscatto\" width=\"300\" height=\"297\" srcset=\"https:\/\/www.sangiuseppecarpi.it\/wp-content\/uploads\/2026\/05\/il-gusto-del-riscatto-300x297.jpeg 300w, https:\/\/www.sangiuseppecarpi.it\/wp-content\/uploads\/2026\/05\/il-gusto-del-riscatto-1024x1012.jpeg 1024w, https:\/\/www.sangiuseppecarpi.it\/wp-content\/uploads\/2026\/05\/il-gusto-del-riscatto-150x150.jpeg 150w, https:\/\/www.sangiuseppecarpi.it\/wp-content\/uploads\/2026\/05\/il-gusto-del-riscatto-768x759.jpeg 768w, https:\/\/www.sangiuseppecarpi.it\/wp-content\/uploads\/2026\/05\/il-gusto-del-riscatto-1536x1518.jpeg 1536w, https:\/\/www.sangiuseppecarpi.it\/wp-content\/uploads\/2026\/05\/il-gusto-del-riscatto.jpeg 1544w\"><\/figure><div class=\"article__info\"><h6 class=\"article__title item-title-tag\">06 giugno 2026 \u2013 Il gusto del riscatto<\/h6><div class=\"article__text item-text\"><\/div><a href=\"https:\/\/www.sangiuseppecarpi.it\/index.php\/2026\/05\/03\/06-giugno-2026-il-gusto-del-riscatto\/\" title=\"06 giugno 2026 \u2013 Il gusto del riscatto\" class=\"article__link article__read-more main-link read-more\">Leggi tutto \u279e<\/a><\/div><\/article><article class=\"post-10100 post type-post status-publish format-standard has-post-thumbnail hentry category-news has-link\" data-lps-id=\"10100\" role=\"listitem\"><figure class=\"article__image\"><img loading=\"lazy\" decoding=\"async\" src=\"https:\/\/www.sangiuseppecarpi.it\/wp-content\/uploads\/2026\/04\/Festa-della-mamma-292x300.jpeg\" class=\"lps-tile-main-image lps-custom-medium\" loading=\"lazy\" alt=\"10 maggio 2026 - Festa della Mamma - Mercatino di fiori dalle 9 alla 13..\" width=\"292\" height=\"300\" srcset=\"https:\/\/www.sangiuseppecarpi.it\/wp-content\/uploads\/2026\/04\/Festa-della-mamma-292x300.jpeg 292w, https:\/\/www.sangiuseppecarpi.it\/wp-content\/uploads\/2026\/04\/Festa-della-mamma-997x1024.jpeg 997w, https:\/\/www.sangiuseppecarpi.it\/wp-content\/uploads\/2026\/04\/Festa-della-mamma-768x789.jpeg 768w, https:\/\/www.sangiuseppecarpi.it\/wp-content\/uploads\/2026\/04\/Festa-della-mamma.jpeg 1340w\"><\/figure><div class=\"article__info\"><h6 class=\"article__title item-title-tag\">10 maggio 2026 &#8211; Festa della Mamma &#8211; Mercatino di fiori dalle 9 alla 13..<\/h6><div class=\"article__text item-text\"><\/div><a href=\"https:\/\/www.sangiuseppecarpi.it\/index.php\/2026\/04\/29\/10-maggio-2026-festa-della-mamma-mercatino-di-fiori-dalle-9-alla-13\/\" title=\"10 maggio 2026 - Festa della Mamma - Mercatino di fiori dalle 9 alla 13..\" class=\"article__link article__read-more main-link read-more\">Leggi tutto \u279e<\/a><\/div><\/article><\/section><\/p><h4 style=\"text-align: center;\"><a href=\"https:\/\/www.sangiuseppecarpi.it\/index.php\/category\/news\/\" target=\"_blank\" rel=\"noopener\"><strong><em>Vedi tutti gli articoli &#8211;&gt;<\/em><\/strong><\/a><\/h4><p><iframe style=\"border: solid 1px #777;\" src=\"https:\/\/calendar.google.com\/calendar\/embed?height=300&amp;wkst=1&amp;bgcolor=%23ffffff&amp;ctz=Europe%2FRome&amp;showTz=0&amp;title=CALENDARIO%20DISPONIBILITA'%20CUCINA%20SALONE&amp;src=OWhnb2Y1ZWE4MHZmdjNwYzc3bzVzMzYzbmdAZ3JvdXAuY2FsZW5kYXIuZ29vZ2xlLmNvbQ&amp;color=%23795548\" width=\"800\" height=\"300\" frameborder=\"0\" scrolling=\"no\"><\/iframe><br \/>Per necessit\u00e0 chiamare il numero 059 9111625 dalle 10 alle 12 e dalle 17 alle 19, dal luned\u00ec al venerd\u00ec<\/p><h3 style=\"text-align: center;\"><iframe title=\"I magi in cammino nel quartiere: l'epifania come esperienza viva di fede e comunit\u00e0\" src=\"https:\/\/www.youtube.com\/embed\/nhPbBBZTZkg\" width=\"910\" height=\"700\" frameborder=\"0\" allowfullscreen=\"allowfullscreen\"><\/iframe><br \/><iframe title=\"via remesina, 56 carpi\" src=\"https:\/\/maps.google.com\/maps?q=via%20remesina%2C%2056%20carpi&amp;t=m&amp;z=10&amp;output=embed&amp;iwloc=near\" frameborder=\"0\" marginwidth=\"0\" marginheight=\"0\" scrolling=\"no\" aria-label=\"via remesina, 56 carpi\"><\/iframe><\/h3>\t\t\t\t\t\t\t\t<\/div>\n\t\t\t\t<\/div>\n\t\t\t\t\t<\/div>\n\t\t<\/div>\n\t\t\t\t\t<\/div>\n\t\t<\/section>\n\t\t\t\t<\/div>\n\t\t","protected":false},"excerpt":{"rendered":"<p>Notizie in evidenza Vedi tutti gli articoli &#8211;&gt; Per necessit\u00e0 chiamare il numero 059 9111625 dalle 10 alle 12 e dalle 17 alle 19, dal luned\u00ec al venerd\u00ec<\/p>\n","protected":false},"author":3,"featured_media":0,"parent":0,"menu_order":0,"comment_status":"closed","ping_status":"closed","template":"","meta":{"site-sidebar-layout":"no-sidebar","site-content-layout":"plain-container","ast-site-content-layout":"normal-width-container","site-content-style":"unboxed","site-sidebar-style":"unboxed","ast-global-header-display":"","ast-banner-title-visibility":"","ast-main-header-display":"","ast-hfb-above-header-display":"","ast-hfb-below-header-display":"","ast-hfb-mobile-header-display":"","site-post-title":"disabled","ast-breadcrumbs-content":"","ast-featured-img":"","footer-sml-layout":"","ast-disable-related-posts":"","theme-transparent-header-meta":"","adv-header-id-meta":"","stick-header-meta":"","header-above-stick-meta":"","header-main-stick-meta":"","header-below-stick-meta":"","astra-migrate-meta-layouts":"set","ast-page-background-enabled":"default","ast-page-background-meta":{"desktop":{"background-color":"var(--ast-global-color-4)","background-image":"","background-repeat":"repeat","background-position":"center center","background-size":"auto","background-attachment":"scroll","background-type":"","background-media":"","overlay-type":"","overlay-color":"","overlay-opacity":"","overlay-gradient":""},"tablet":{"background-color":"","background-image":"","background-repeat":"repeat","background-position":"center center","background-size":"auto","background-attachment":"scroll","background-type":"","background-media":"","overlay-type":"","overlay-color":"","overlay-opacity":"","overlay-gradient":""},"mobile":{"background-color":"","background-image":"","background-repeat":"repeat","background-position":"center center","background-size":"auto","background-attachment":"scroll","background-type":"","background-media":"","overlay-type":"","overlay-color":"","overlay-opacity":"","overlay-gradient":""}},"ast-content-background-meta":{"desktop":{"background-color":"var(--ast-global-color-5)","background-image":"","background-repeat":"repeat","background-position":"center center","background-size":"auto","background-attachment":"scroll","background-type":"","background-media":"","overlay-type":"","overlay-color":"","overlay-opacity":"","overlay-gradient":""},"tablet":{"background-color":"var(--ast-global-color-5)","background-image":"","background-repeat":"repeat","background-position":"center center","background-size":"auto","background-attachment":"scroll","background-type":"","background-media":"","overlay-type":"","overlay-color":"","overlay-opacity":"","overlay-gradient":""},"mobile":{"background-color":"var(--ast-global-color-5)","background-image":"","background-repeat":"repeat","background-position":"center center","background-size":"auto","background-attachment":"scroll","background-type":"","background-media":"","overlay-type":"","overlay-color":"","overlay-opacity":"","overlay-gradient":""}},"footnotes":""},"class_list":["post-1380","page","type-page","status-publish","hentry"],"yoast_head":"<!-- This site is optimized with the Yoast SEO plugin v27.5 - https:\/\/yoast.com\/product\/yoast-seo-wordpress\/ -->\n<title>Home - Parrocchia San Giuseppe Carpi<\/title>\n<meta name=\"robots\" content=\"index, follow, max-snippet:-1, max-image-preview:large, max-video-preview:-1\" \/>\n<link rel=\"canonical\" href=\"https:\/\/www.sangiuseppecarpi.it\/\" \/>\n<meta property=\"og:locale\" content=\"it_IT\" \/>\n<meta property=\"og:type\" content=\"article\" \/>\n<meta property=\"og:title\" content=\"Home - Parrocchia San Giuseppe Carpi\" \/>\n<meta property=\"og:description\" content=\"Notizie in evidenza Vedi tutti gli articoli &#8211;&gt; Per necessit\u00e0 chiamare il numero 059 9111625 dalle 10 alle 12 e dalle 17 alle 19, dal luned\u00ec al venerd\u00ec\" \/>\n<meta property=\"og:url\" content=\"https:\/\/www.sangiuseppecarpi.it\/\" \/>\n<meta property=\"og:site_name\" content=\"Parrocchia San Giuseppe Carpi\" \/>\n<meta property=\"article:modified_time\" content=\"2026-05-10T15:58:49+00:00\" \/>\n<meta property=\"og:image\" content=\"https:\/\/www.sangiuseppecarpi.it\/wp-content\/uploads\/2023\/02\/1600-Intestaizione-Parrocchia-San-Giuseppe-gen-23.jpg\" \/>\n<meta name=\"twitter:card\" content=\"summary_large_image\" \/>\n<meta name=\"twitter:label1\" content=\"Tempo di lettura stimato\" \/>\n\t<meta name=\"twitter:data1\" content=\"1 minuto\" \/>\n<script type=\"application\/ld+json\" class=\"yoast-schema-graph\">{\"@context\":\"https:\\\/\\\/schema.org\",\"@graph\":[{\"@type\":\"WebPage\",\"@id\":\"https:\\\/\\\/www.sangiuseppecarpi.it\\\/\",\"url\":\"https:\\\/\\\/www.sangiuseppecarpi.it\\\/\",\"name\":\"Home - Parrocchia San Giuseppe Carpi\",\"isPartOf\":{\"@id\":\"https:\\\/\\\/www.sangiuseppecarpi.it\\\/#website\"},\"primaryImageOfPage\":{\"@id\":\"https:\\\/\\\/www.sangiuseppecarpi.it\\\/#primaryimage\"},\"image\":{\"@id\":\"https:\\\/\\\/www.sangiuseppecarpi.it\\\/#primaryimage\"},\"thumbnailUrl\":\"https:\\\/\\\/www.sangiuseppecarpi.it\\\/wp-content\\\/uploads\\\/2023\\\/02\\\/1600-Intestaizione-Parrocchia-San-Giuseppe-gen-23.jpg\",\"datePublished\":\"2021-11-23T14:39:36+00:00\",\"dateModified\":\"2026-05-10T15:58:49+00:00\",\"breadcrumb\":{\"@id\":\"https:\\\/\\\/www.sangiuseppecarpi.it\\\/#breadcrumb\"},\"inLanguage\":\"it-IT\",\"potentialAction\":[{\"@type\":\"ReadAction\",\"target\":[\"https:\\\/\\\/www.sangiuseppecarpi.it\\\/\"]}]},{\"@type\":\"ImageObject\",\"inLanguage\":\"it-IT\",\"@id\":\"https:\\\/\\\/www.sangiuseppecarpi.it\\\/#primaryimage\",\"url\":\"https:\\\/\\\/www.sangiuseppecarpi.it\\\/wp-content\\\/uploads\\\/2023\\\/02\\\/1600-Intestaizione-Parrocchia-San-Giuseppe-gen-23.jpg\",\"contentUrl\":\"https:\\\/\\\/www.sangiuseppecarpi.it\\\/wp-content\\\/uploads\\\/2023\\\/02\\\/1600-Intestaizione-Parrocchia-San-Giuseppe-gen-23.jpg\",\"width\":1600,\"height\":615},{\"@type\":\"BreadcrumbList\",\"@id\":\"https:\\\/\\\/www.sangiuseppecarpi.it\\\/#breadcrumb\",\"itemListElement\":[{\"@type\":\"ListItem\",\"position\":1,\"name\":\"Home\",\"item\":\"https:\\\/\\\/www.sangiuseppecarpi.it\\\/\"},{\"@type\":\"ListItem\",\"position\":2,\"name\":\"Home\"}]},{\"@type\":\"WebSite\",\"@id\":\"https:\\\/\\\/www.sangiuseppecarpi.it\\\/#website\",\"url\":\"https:\\\/\\\/www.sangiuseppecarpi.it\\\/\",\"name\":\"Parrocchia San Giuseppe Carpi\",\"description\":\"San Giuseppe artigiano simbolo della dignit\u00e0 del lavoro umano\",\"publisher\":{\"@id\":\"https:\\\/\\\/www.sangiuseppecarpi.it\\\/#organization\"},\"potentialAction\":[{\"@type\":\"SearchAction\",\"target\":{\"@type\":\"EntryPoint\",\"urlTemplate\":\"https:\\\/\\\/www.sangiuseppecarpi.it\\\/?s={search_term_string}\"},\"query-input\":{\"@type\":\"PropertyValueSpecification\",\"valueRequired\":true,\"valueName\":\"search_term_string\"}}],\"inLanguage\":\"it-IT\"},{\"@type\":\"Organization\",\"@id\":\"https:\\\/\\\/www.sangiuseppecarpi.it\\\/#organization\",\"name\":\"Parrocchia San Giuseppe Carpi\",\"url\":\"https:\\\/\\\/www.sangiuseppecarpi.it\\\/\",\"logo\":{\"@type\":\"ImageObject\",\"inLanguage\":\"it-IT\",\"@id\":\"https:\\\/\\\/www.sangiuseppecarpi.it\\\/#\\\/schema\\\/logo\\\/image\\\/\",\"url\":\"https:\\\/\\\/www.sangiuseppecarpi.it\\\/wp-content\\\/uploads\\\/2020\\\/10\\\/cropped-cropped-Logo-parrocchia-diadema-breve-1.jpg\",\"contentUrl\":\"https:\\\/\\\/www.sangiuseppecarpi.it\\\/wp-content\\\/uploads\\\/2020\\\/10\\\/cropped-cropped-Logo-parrocchia-diadema-breve-1.jpg\",\"width\":835,\"height\":320,\"caption\":\"Parrocchia San Giuseppe Carpi\"},\"image\":{\"@id\":\"https:\\\/\\\/www.sangiuseppecarpi.it\\\/#\\\/schema\\\/logo\\\/image\\\/\"}}]}<\/script>\n<!-- \/ Yoast SEO plugin. -->","yoast_head_json":{"title":"Home - Parrocchia San Giuseppe Carpi","robots":{"index":"index","follow":"follow","max-snippet":"max-snippet:-1","max-image-preview":"max-image-preview:large","max-video-preview":"max-video-preview:-1"},"canonical":"https:\/\/www.sangiuseppecarpi.it\/","og_locale":"it_IT","og_type":"article","og_title":"Home - Parrocchia San Giuseppe Carpi","og_description":"Notizie in evidenza Vedi tutti gli articoli &#8211;&gt; Per necessit\u00e0 chiamare il numero 059 9111625 dalle 10 alle 12 e dalle 17 alle 19, dal luned\u00ec al venerd\u00ec","og_url":"https:\/\/www.sangiuseppecarpi.it\/","og_site_name":"Parrocchia San Giuseppe Carpi","article_modified_time":"2026-05-10T15:58:49+00:00","og_image":[{"url":"https:\/\/www.sangiuseppecarpi.it\/wp-content\/uploads\/2023\/02\/1600-Intestaizione-Parrocchia-San-Giuseppe-gen-23.jpg","type":"","width":"","height":""}],"twitter_card":"summary_large_image","twitter_misc":{"Tempo di lettura stimato":"1 minuto"},"schema":{"@context":"https:\/\/schema.org","@graph":[{"@type":"WebPage","@id":"https:\/\/www.sangiuseppecarpi.it\/","url":"https:\/\/www.sangiuseppecarpi.it\/","name":"Home - Parrocchia San Giuseppe Carpi","isPartOf":{"@id":"https:\/\/www.sangiuseppecarpi.it\/#website"},"primaryImageOfPage":{"@id":"https:\/\/www.sangiuseppecarpi.it\/#primaryimage"},"image":{"@id":"https:\/\/www.sangiuseppecarpi.it\/#primaryimage"},"thumbnailUrl":"https:\/\/www.sangiuseppecarpi.it\/wp-content\/uploads\/2023\/02\/1600-Intestaizione-Parrocchia-San-Giuseppe-gen-23.jpg","datePublished":"2021-11-23T14:39:36+00:00","dateModified":"2026-05-10T15:58:49+00:00","breadcrumb":{"@id":"https:\/\/www.sangiuseppecarpi.it\/#breadcrumb"},"inLanguage":"it-IT","potentialAction":[{"@type":"ReadAction","target":["https:\/\/www.sangiuseppecarpi.it\/"]}]},{"@type":"ImageObject","inLanguage":"it-IT","@id":"https:\/\/www.sangiuseppecarpi.it\/#primaryimage","url":"https:\/\/www.sangiuseppecarpi.it\/wp-content\/uploads\/2023\/02\/1600-Intestaizione-Parrocchia-San-Giuseppe-gen-23.jpg","contentUrl":"https:\/\/www.sangiuseppecarpi.it\/wp-content\/uploads\/2023\/02\/1600-Intestaizione-Parrocchia-San-Giuseppe-gen-23.jpg","width":1600,"height":615},{"@type":"BreadcrumbList","@id":"https:\/\/www.sangiuseppecarpi.it\/#breadcrumb","itemListElement":[{"@type":"ListItem","position":1,"name":"Home","item":"https:\/\/www.sangiuseppecarpi.it\/"},{"@type":"ListItem","position":2,"name":"Home"}]},{"@type":"WebSite","@id":"https:\/\/www.sangiuseppecarpi.it\/#website","url":"https:\/\/www.sangiuseppecarpi.it\/","name":"Parrocchia San Giuseppe Carpi","description":"San Giuseppe artigiano simbolo della dignit\u00e0 del lavoro umano","publisher":{"@id":"https:\/\/www.sangiuseppecarpi.it\/#organization"},"potentialAction":[{"@type":"SearchAction","target":{"@type":"EntryPoint","urlTemplate":"https:\/\/www.sangiuseppecarpi.it\/?s={search_term_string}"},"query-input":{"@type":"PropertyValueSpecification","valueRequired":true,"valueName":"search_term_string"}}],"inLanguage":"it-IT"},{"@type":"Organization","@id":"https:\/\/www.sangiuseppecarpi.it\/#organization","name":"Parrocchia San Giuseppe Carpi","url":"https:\/\/www.sangiuseppecarpi.it\/","logo":{"@type":"ImageObject","inLanguage":"it-IT","@id":"https:\/\/www.sangiuseppecarpi.it\/#\/schema\/logo\/image\/","url":"https:\/\/www.sangiuseppecarpi.it\/wp-content\/uploads\/2020\/10\/cropped-cropped-Logo-parrocchia-diadema-breve-1.jpg","contentUrl":"https:\/\/www.sangiuseppecarpi.it\/wp-content\/uploads\/2020\/10\/cropped-cropped-Logo-parrocchia-diadema-breve-1.jpg","width":835,"height":320,"caption":"Parrocchia San Giuseppe Carpi"},"image":{"@id":"https:\/\/www.sangiuseppecarpi.it\/#\/schema\/logo\/image\/"}}]}},"_links":{"self":[{"href":"https:\/\/www.sangiuseppecarpi.it\/index.php\/wp-json\/wp\/v2\/pages\/1380","targetHints":{"allow":["GET"]}}],"collection":[{"href":"https:\/\/www.sangiuseppecarpi.it\/index.php\/wp-json\/wp\/v2\/pages"}],"about":[{"href":"https:\/\/www.sangiuseppecarpi.it\/index.php\/wp-json\/wp\/v2\/types\/page"}],"author":[{"embeddable":true,"href":"https:\/\/www.sangiuseppecarpi.it\/index.php\/wp-json\/wp\/v2\/users\/3"}],"replies":[{"embeddable":true,"href":"https:\/\/www.sangiuseppecarpi.it\/index.php\/wp-json\/wp\/v2\/comments?post=1380"}],"version-history":[{"count":573,"href":"https:\/\/www.sangiuseppecarpi.it\/index.php\/wp-json\/wp\/v2\/pages\/1380\/revisions"}],"predecessor-version":[{"id":10174,"href":"https:\/\/www.sangiuseppecarpi.it\/index.php\/wp-json\/wp\/v2\/pages\/1380\/revisions\/10174"}],"wp:attachment":[{"href":"https:\/\/www.sangiuseppecarpi.it\/index.php\/wp-json\/wp\/v2\/media?parent=1380"}],"curies":[{"name":"wp","href":"https:\/\/api.w.org\/{rel}","templated":true}]}}